{"id":13072,"date":"2023-11-16T16:34:10","date_gmt":"2023-11-16T15:34:10","guid":{"rendered":"https:\/\/antiquewhite-caribou-947499.hostingersite.com\/?post_type=product&#038;p=13072"},"modified":"2023-11-16T18:04:39","modified_gmt":"2023-11-16T17:04:39","slug":"iphone-11-pro-groen-128-gb-refurbished","status":"publish","type":"product","link":"https:\/\/mhphone.be\/nl\/winkel\/refurbished-telefoons\/apple-nl\/iphone-reconditionne-nl\/iphone-11-pro-nl\/iphone-11-pro-groen-128-gb-refurbished\/","title":{"rendered":"iPhone 11 Pro (Groen, 128 GB) Refurbished"},"content":{"rendered":"<table class=\"table-auto w-full font-light\">\n<thead>\n<tr>\n<th class=\"pt-5 pb-2 text-left text-lg font-light uppercase tracking-widest\" colspan=\"2\">TECHNISCHE KENMERKEN<\/th>\n<\/tr>\n<\/thead>\n<tbody>\n<tr class=\"odd:bg-neutral-100 odd:dark:bg-gray-700\">\n<td class=\"px-2 py-1 md:w-1\/3\">Systeem<\/td>\n<td class=\"px-2 py-1\">iOS 13<\/td>\n<\/tr>\n<tr class=\"odd:bg-neutral-100 odd:dark:bg-gray-700\">\n<td class=\"px-2 py-1 md:w-1\/3\">Processor<\/td>\n<td class=\"px-2 py-1\">Apple A13 Bionic<\/td>\n<\/tr>\n<tr class=\"odd:bg-neutral-100 odd:dark:bg-gray-700\">\n<td class=\"px-2 py-1 md:w-1\/3\">Aantal kernen<\/td>\n<td class=\"px-2 py-1\">6<\/td>\n<\/tr>\n<tr class=\"odd:bg-neutral-100 odd:dark:bg-gray-700\">\n<td class=\"px-2 py-1 md:w-1\/3\">Grafische chip<\/td>\n<td class=\"px-2 py-1\">Ge\u00efntegreerd<\/td>\n<\/tr>\n<tr class=\"odd:bg-neutral-100 odd:dark:bg-gray-700\">\n<td class=\"px-2 py-1 md:w-1\/3\">Ram geheugen<\/td>\n<td class=\"px-2 py-1\">4 GB<\/td>\n<\/tr>\n<tr class=\"odd:bg-neutral-100 odd:dark:bg-gray-700\">\n<td class=\"px-2 py-1 md:w-1\/3\">Capaciteit<\/td>\n<td class=\"px-2 py-1\">64 GB<\/td>\n<\/tr>\n<tr class=\"odd:bg-neutral-100 odd:dark:bg-gray-700\">\n<td class=\"px-2 py-1 md:w-1\/3\">Geheugenkaart ondersteuning<\/td>\n<td class=\"px-2 py-1\">Nee<\/td>\n<\/tr>\n<tr class=\"odd:bg-neutral-100 odd:dark:bg-gray-700\">\n<td class=\"px-2 py-1 md:w-1\/3\">SAR index<\/td>\n<td class=\"px-2 py-1\">0,99 W\/kg<\/td>\n<\/tr>\n<tr class=\"odd:bg-neutral-100 odd:dark:bg-gray-700\">\n<td class=\"px-2 py-1 md:w-1\/3\">Beschermingsindex (waterdichtheid)<\/td>\n<td class=\"px-2 py-1\">IP 68<\/td>\n<\/tr>\n<tr class=\"odd:bg-neutral-100 odd:dark:bg-gray-700\">\n<td class=\"px-2 py-1 md:w-1\/3\">Ontgrendeling<\/td>\n<td class=\"px-2 py-1\">Gezichtsherkenning<\/td>\n<\/tr>\n<tr class=\"odd:bg-neutral-100 odd:dark:bg-gray-700\">\n<td class=\"px-2 py-1 md:w-1\/3\">Dual SIM<\/td>\n<td class=\"px-2 py-1\">Ja<\/td>\n<\/tr>\n<tr class=\"odd:bg-neutral-100 odd:dark:bg-gray-700\">\n<td class=\"px-2 py-1 md:w-1\/3\">Repairability index<\/td>\n<td class=\"px-2 py-1\">4.6 punten<\/td>\n<\/tr>\n<\/tbody>\n<thead>\n<tr>\n<th class=\"pt-5 pb-2 text-left text-lg font-light uppercase tracking-widest\" colspan=\"2\">INPUTS &#038; OUTPUTS<\/th>\n<\/tr>\n<\/thead>\n<tbody>\n<tr class=\"odd:bg-neutral-100 odd:dark:bg-gray-700\">\n<td class=\"px-2 py-1 md:w-1\/3\">Wi-Fi standaard<\/td>\n<td class=\"px-2 py-1\">Wi-Fi 802.11 n\/ac, Wi-Fi 802.11b, Wi-Fi 802.11g, Wi-Fi 6<\/td>\n<\/tr>\n<tr class=\"odd:bg-neutral-100 odd:dark:bg-gray-700\">\n<td class=\"px-2 py-1 md:w-1\/3\">Bluetooth standaard<\/td>\n<td class=\"px-2 py-1\">Bluetooth 5.0<\/td>\n<\/tr>\n<tr class=\"odd:bg-neutral-100 odd:dark:bg-gray-700\">\n<td class=\"px-2 py-1 md:w-1\/3\">NFC-ondersteuning<\/td>\n<td class=\"px-2 py-1\">Ja<\/td>\n<\/tr>\n<tr class=\"odd:bg-neutral-100 odd:dark:bg-gray-700\">\n<td class=\"px-2 py-1 md:w-1\/3\">Infrarood ondersteuning (IrDA)<\/td>\n<td class=\"px-2 py-1\">Nee<\/td>\n<\/tr>\n<tr class=\"odd:bg-neutral-100 odd:dark:bg-gray-700\">\n<td class=\"px-2 py-1 md:w-1\/3\">USB type aansluiting<\/td>\n<td class=\"px-2 py-1\">Eigenaar<\/td>\n<\/tr>\n<tr class=\"odd:bg-neutral-100 odd:dark:bg-gray-700\">\n<td class=\"px-2 py-1 md:w-1\/3\">USB Host Compatibility<\/td>\n<td class=\"px-2 py-1\">Nee<\/td>\n<\/tr>\n<tr class=\"odd:bg-neutral-100 odd:dark:bg-gray-700\">\n<td class=\"px-2 py-1 md:w-1\/3\">Afstekker<\/td>\n<td class=\"px-2 py-1\">Nee<\/td>\n<\/tr>\n<\/tbody>\n<thead>\n<tr>\n<th class=\"pt-5 pb-2 text-left text-lg font-light uppercase tracking-widest\" colspan=\"2\">AUTONOMY &#038; LOAD<\/th>\n<\/tr>\n<\/thead>\n<tbody>\n<tr class=\"odd:bg-neutral-100 odd:dark:bg-gray-700\">\n<td class=\"px-2 py-1 md:w-1\/3\">Autonomie op afroep<\/td>\n<td class=\"px-2 py-1\">18 h 51 mn<\/td>\n<\/tr>\n<tr class=\"odd:bg-neutral-100 odd:dark:bg-gray-700\">\n<td class=\"px-2 py-1 md:w-1\/3\">Versatiele autonomie<\/td>\n<td class=\"px-2 py-1\">18 u 1 min<\/td>\n<\/tr>\n<tr class=\"odd:bg-neutral-100 odd:dark:bg-gray-700\">\n<td class=\"px-2 py-1 md:w-1\/3\">Video streaming autonomie<\/td>\n<td class=\"px-2 py-1\">15 uur 6 min<\/td>\n<\/tr>\n<tr class=\"odd:bg-neutral-100 odd:dark:bg-gray-700\">\n<td class=\"px-2 py-1 md:w-1\/3\">Oplaadtijd<\/td>\n<td class=\"px-2 py-1\">1 uur 39 min<\/td>\n<\/tr>\n<\/tbody>\n<thead>\n<tr>\n<th class=\"pt-5 pb-2 text-left text-lg font-light uppercase tracking-widest\" colspan=\"2\">DISPLAY<\/th>\n<\/tr>\n<\/thead>\n<tbody>\n<tr class=\"odd:bg-neutral-100 odd:dark:bg-gray-700\">\n<td class=\"px-2 py-1 md:w-1\/3\">Grootte (diagonaal)<\/td>\n<td class=\"px-2 py-1\">5.8&#8243;<\/td>\n<\/tr>\n<tr class=\"odd:bg-neutral-100 odd:dark:bg-gray-700\">\n<td class=\"px-2 py-1 md:w-1\/3\">Schermtechnologie<\/td>\n<td class=\"px-2 py-1\">OLED<\/td>\n<\/tr>\n<tr class=\"odd:bg-neutral-100 odd:dark:bg-gray-700\">\n<td class=\"px-2 py-1 md:w-1\/3\">Definitie scherm<\/td>\n<td class=\"px-2 py-1\">2436 x 1125<\/td>\n<\/tr>\n<tr class=\"odd:bg-neutral-100 odd:dark:bg-gray-700\">\n<td class=\"px-2 py-1 md:w-1\/3\">Schermresolutie<\/td>\n<td class=\"px-2 py-1\">458 dpi<\/td>\n<\/tr>\n<tr class=\"odd:bg-neutral-100 odd:dark:bg-gray-700\">\n<td class=\"px-2 py-1 md:w-1\/3\">Vernieuwingssnelheid<\/td>\n<td class=\"px-2 py-1\">60 Hz<\/td>\n<\/tr>\n<tr class=\"odd:bg-neutral-100 odd:dark:bg-gray-700\">\n<td class=\"px-2 py-1 md:w-1\/3\">Frequentie van rafra\u00eechissement<\/td>\n<td class=\"px-2 py-1\">60 Hz<\/td>\n<\/tr>\n<\/tbody>\n<thead>\n<tr>\n<th class=\"pt-5 pb-2 text-left text-lg font-light uppercase tracking-widest\" colspan=\"2\">COMMUNICATIE<\/th>\n<\/tr>\n<\/thead>\n<tbody>\n<tr class=\"odd:bg-neutral-100 odd:dark:bg-gray-700\">\n<td class=\"px-2 py-1 md:w-1\/3\">Banden GSM<\/td>\n<td class=\"px-2 py-1\">850 MHz, 900 MHz, 1800 MHz, 1900 MHz<\/td>\n<\/tr>\n<tr class=\"odd:bg-neutral-100 odd:dark:bg-gray-700\">\n<td class=\"px-2 py-1 md:w-1\/3\">D\u00e9bit max. en r\u00e9ception 3G<\/td>\n<td class=\"px-2 py-1\">42 Mbit\/s<\/td>\n<\/tr>\n<tr class=\"odd:bg-neutral-100 odd:dark:bg-gray-700\">\n<td class=\"px-2 py-1 md:w-1\/3\">Compatibel r\u00e9seau 4G (LTE)<\/td>\n<td class=\"px-2 py-1\">Oui<\/td>\n<\/tr>\n<tr class=\"odd:bg-neutral-100 odd:dark:bg-gray-700\">\n<td class=\"px-2 py-1 md:w-1\/3\">Compatibel r\u00e9seau 5G<\/td>\n<td class=\"px-2 py-1\">Non<\/td>\n<\/tr>\n<\/tbody>\n<thead>\n<tr>\n<th class=\"pt-5 pb-2 text-left text-lg font-light uppercase tracking-widest\" colspan=\"2\">MULTIM\u00c9DIA<\/th>\n<\/tr>\n<\/thead>\n<tbody>\n<tr class=\"odd:bg-neutral-100 odd:dark:bg-gray-700\">\n<td class=\"px-2 py-1 md:w-1\/3\">Capteur foto opdrachtgever<\/td>\n<td class=\"px-2 py-1\">12 Mpx<\/td>\n<\/tr>\n<tr class=\"odd:bg-neutral-100 odd:dark:bg-gray-700\">\n<td class=\"px-2 py-1 md:w-1\/3\">Deuxi\u00e8me capteur photo<\/td>\n<td class=\"px-2 py-1\">12 Mpx<\/td>\n<\/tr>\n<tr class=\"odd:bg-neutral-100 odd:dark:bg-gray-700\">\n<td class=\"px-2 py-1 md:w-1\/3\">Troisi\u00e8me capteur foto<\/td>\n<td class=\"px-2 py-1\">12 Mpx<\/td>\n<\/tr>\n<tr class=\"odd:bg-neutral-100 odd:dark:bg-gray-700\">\n<td class=\"px-2 py-1 md:w-1\/3\">D\u00e9finition d&#8217;enregistrement vid\u00e9o (principal)<\/td>\n<td class=\"px-2 py-1\">3840 x 2160<\/td>\n<\/tr>\n<tr class=\"odd:bg-neutral-100 odd:dark:bg-gray-700\">\n<td class=\"px-2 py-1 md:w-1\/3\">D\u00e9finition d&#8217;enregistrement vid\u00e9o (fa\u00e7ade)<\/td>\n<td class=\"px-2 py-1\">3840 x 2160<\/td>\n<\/tr>\n<tr class=\"odd:bg-neutral-100 odd:dark:bg-gray-700\">\n<td class=\"px-2 py-1 md:w-1\/3\">Capteur foto frontaal 1<\/td>\n<td class=\"px-2 py-1\">12 Mpx<\/td>\n<\/tr>\n<\/tbody>\n<thead>\n<tr>\n<th class=\"pt-5 pb-2 text-left text-lg font-light uppercase tracking-widest\" colspan=\"2\">Afmetingen<\/th>\n<\/tr>\n<\/thead>\n<tbody>\n<tr class=\"odd:bg-neutral-100 odd:dark:bg-gray-700\">\n<td class=\"px-2 py-1 md:w-1\/3\">Largeur<\/td>\n<td class=\"px-2 py-1\">7.14 cm<\/td>\n<\/tr>\n<tr class=\"odd:bg-neutral-100 odd:dark:bg-gray-700\">\n<td class=\"px-2 py-1 md:w-1\/3\">Hauteur<\/td>\n<td class=\"px-2 py-1\">14.4 cm<\/td>\n<\/tr>\n<tr class=\"odd:bg-neutral-100 odd:dark:bg-gray-700\">\n<td class=\"px-2 py-1 md:w-1\/3\">Epaisseur<\/td>\n<td class=\"px-2 py-1\">0.81 cm<\/td>\n<\/tr>\n<tr class=\"odd:bg-neutral-100 odd:dark:bg-gray-700\">\n<td class=\"px-2 py-1 md:w-1\/3\">Poids<\/td>\n<td class=\"px-2 py-1\">188 g<\/td>\n<\/tr>\n<\/tbody>\n<thead>\n<tr>\n<th class=\"pt-5 pb-2 text-left text-lg font-light uppercase tracking-widest\" colspan=\"2\">ALIMENTATIE<\/th>\n<\/tr>\n<\/thead>\n<tbody>\n<tr class=\"odd:bg-neutral-100 odd:dark:bg-gray-700\">\n<td class=\"px-2 py-1 md:w-1\/3\">Batterij beweegbaar<\/td>\n<td class=\"px-2 py-1\">Niet<\/td>\n<\/tr>\n<tr class=\"odd:bg-neutral-100 odd:dark:bg-gray-700\">\n<td class=\"px-2 py-1 md:w-1\/3\">Capacit\u00e9 de la batterie<\/td>\n<td class=\"px-2 py-1\">3046 mAh<\/td>\n<\/tr>\n<tr class=\"odd:bg-neutral-100 odd:dark:bg-gray-700\">\n<td class=\"px-2 py-1 md:w-1\/3\">Opladen zonder folie<\/td>\n<td class=\"px-2 py-1\">Oui<\/td>\n<\/tr>\n<\/tbody>\n<\/table>\n","protected":false},"excerpt":{"rendered":"<p><br data-mce-bogus=\"1\"><\/p>\n","protected":false},"featured_media":9966,"comment_status":"open","ping_status":"closed","template":"","meta":[],"product_cat":[2781],"product_tag":[],"class_list":{"0":"post-13072","1":"product","2":"type-product","3":"status-publish","4":"has-post-thumbnail","6":"product_cat-iphone-11-pro-nl","7":"pa_couleur-groen","8":"pa_etat-uitstekende-staat","9":"pa_marques-apple-nl","10":"pa_modele-iphone-11-pro-nl","11":"pa_stockage-128gb-nl","13":"first","14":"outofstock","15":"taxable","16":"shipping-taxable","17":"purchasable","18":"product-type-simple"},"_links":{"self":[{"href":"https:\/\/mhphone.be\/nl\/wp-json\/wp\/v2\/product\/13072"}],"collection":[{"href":"https:\/\/mhphone.be\/nl\/wp-json\/wp\/v2\/product"}],"about":[{"href":"https:\/\/mhphone.be\/nl\/wp-json\/wp\/v2\/types\/product"}],"replies":[{"embeddable":true,"href":"https:\/\/mhphone.be\/nl\/wp-json\/wp\/v2\/comments?post=13072"}],"version-history":[{"count":0,"href":"https:\/\/mhphone.be\/nl\/wp-json\/wp\/v2\/product\/13072\/revisions"}],"wp:featuredmedia":[{"embeddable":true,"href":"https:\/\/mhphone.be\/nl\/wp-json\/wp\/v2\/media\/9966"}],"wp:attachment":[{"href":"https:\/\/mhphone.be\/nl\/wp-json\/wp\/v2\/media?parent=13072"}],"wp:term":[{"taxonomy":"product_cat","embeddable":true,"href":"https:\/\/mhphone.be\/nl\/wp-json\/wp\/v2\/product_cat?post=13072"},{"taxonomy":"product_tag","embeddable":true,"href":"https:\/\/mhphone.be\/nl\/wp-json\/wp\/v2\/product_tag?post=13072"}],"curies":[{"name":"wp","href":"https:\/\/api.w.org\/{rel}","templated":true}]}}