{"id":13124,"date":"2023-11-16T20:13:32","date_gmt":"2023-11-16T19:13:32","guid":{"rendered":"https:\/\/antiquewhite-caribou-947499.hostingersite.com\/?post_type=product&#038;p=13124"},"modified":"2023-11-16T20:45:12","modified_gmt":"2023-11-16T19:45:12","slug":"iphone-xs-max-goud-128-gb-refurbished","status":"publish","type":"product","link":"https:\/\/mhphone.be\/nl\/winkel\/refurbished-telefoons\/apple-nl\/iphone-reconditionne-nl\/iphone-xs-max-nl\/iphone-xs-max-goud-128-gb-refurbished\/","title":{"rendered":"iPhone XS Max (Goud, 128 GB) Refurbished"},"content":{"rendered":"<table class=\"table-auto w-full font-light\">\n<thead>\n<tr>\n<th class=\"pt-5 pb-2 text-left text-lg font-light uppercase tracking-widest\" colspan=\"2\">TECHNISCHE KENMERKEN<\/th>\n<\/tr>\n<\/thead>\n<tbody>\n<tr class=\"odd:bg-neutral-100 odd:dark:bg-gray-700\">\n<td class=\"px-2 py-1 md:w-1\/3\">Syst\u00e8me<\/td>\n<td class=\"px-2 py-1\">iOS 12<\/td>\n<\/tr>\n<tr class=\"odd:bg-neutral-100 odd:dark:bg-gray-700\">\n<td class=\"px-2 py-1 md:w-1\/3\">Processor<\/td>\n<td class=\"px-2 py-1\">Apple A12 Bionic<\/td>\n<\/tr>\n<tr class=\"odd:bg-neutral-100 odd:dark:bg-gray-700\">\n<td class=\"px-2 py-1 md:w-1\/3\">Aantal kernen<\/td>\n<td class=\"px-2 py-1\">6<\/td>\n<\/tr>\n<tr class=\"odd:bg-neutral-100 odd:dark:bg-gray-700\">\n<td class=\"px-2 py-1 md:w-1\/3\">Processorfrequentie<\/td>\n<td class=\"px-2 py-1\">2,49 GHz<\/td>\n<\/tr>\n<tr class=\"odd:bg-neutral-100 odd:dark:bg-gray-700\">\n<td class=\"px-2 py-1 md:w-1\/3\">Grafische chip<\/td>\n<td class=\"px-2 py-1\">Int\u00e9gr\u00e9e<\/td>\n<\/tr>\n<tr class=\"odd:bg-neutral-100 odd:dark:bg-gray-700\">\n<td class=\"px-2 py-1 md:w-1\/3\">Vivid memory<\/td>\n<td class=\"px-2 py-1\">4 GB<\/td>\n<\/tr>\n<tr class=\"odd:bg-neutral-100 odd:dark:bg-gray-700\">\n<td class=\"px-2 py-1 md:w-1\/3\">Capaciteit<\/td>\n<td class=\"px-2 py-1\">512 GB<\/td>\n<\/tr>\n<tr class=\"odd:bg-neutral-100 odd:dark:bg-gray-700\">\n<td class=\"px-2 py-1 md:w-1\/3\">Geheugenkaart ondersteuning<\/td>\n<td class=\"px-2 py-1\">Nee<\/td>\n<\/tr>\n<tr class=\"odd:bg-neutral-100 odd:dark:bg-gray-700\">\n<td class=\"px-2 py-1 md:w-1\/3\">SAR index<\/td>\n<td class=\"px-2 py-1\">0,99 W\/kg<\/td>\n<\/tr>\n<tr class=\"odd:bg-neutral-100 odd:dark:bg-gray-700\">\n<td class=\"px-2 py-1 md:w-1\/3\">Beschermingsindex (\u00e9tanch\u00e9it\u00e9)<\/td>\n<td class=\"px-2 py-1\">IP 68<\/td>\n<\/tr>\n<tr class=\"odd:bg-neutral-100 odd:dark:bg-gray-700\">\n<td class=\"px-2 py-1 md:w-1\/3\">D\u00e9lock<\/td>\n<td class=\"px-2 py-1\">Gezichtsherkenning<\/td>\n<\/tr>\n<tr class=\"odd:bg-neutral-100 odd:dark:bg-gray-700\">\n<td class=\"px-2 py-1 md:w-1\/3\">Dual SIM<\/td>\n<td class=\"px-2 py-1\">Ja<\/td>\n<\/tr>\n<tr class=\"odd:bg-neutral-100 odd:dark:bg-gray-700\">\n<td class=\"px-2 py-1 md:w-1\/3\">Reactiviteitsindex<\/td>\n<td class=\"px-2 py-1\">4.6 punten<\/td>\n<\/tr>\n<\/tbody>\n<thead>\n<tr>\n<th class=\"pt-5 pb-2 text-left text-lg font-light uppercase tracking-widest\" colspan=\"2\">INPUTS &#038; OUTPUTS<\/th>\n<\/tr>\n<\/thead>\n<tbody>\n<tr class=\"odd:bg-neutral-100 odd:dark:bg-gray-700\">\n<td class=\"px-2 py-1 md:w-1\/3\">Wi-Fi standaard<\/td>\n<td class=\"px-2 py-1\">Wi-Fi 802.11b, Wi-Fi 802.11ac, Wi-Fi 802.11g, Wi-Fi 802.11n<\/td>\n<\/tr>\n<tr class=\"odd:bg-neutraal-100 odd:dark:bg-grijs-700\">\n<td class=\"px-2 py-1 md:w-1\/3\">Bluetooth-standaard<\/td>\n<td class=\"px-2 py-1\">Bluetooth 5.0<\/td>\n<\/tr>\n<tr class=\"odd:bg-neutral-100 odd:dark:bg-gray-700\">\n<td class=\"px-2 py-1 md:w-1\/3\">NFC-ondersteuning<\/td>\n<td class=\"px-2 py-1\">Ja<\/td>\n<\/tr>\n<tr class=\"odd:bg-neutral-100 odd:dark:bg-gray-700\">\n<td class=\"px-2 py-1 md:w-1\/3\">Infrarood ondersteuning (IrDA)<\/td>\n<td class=\"px-2 py-1\">Nee<\/td>\n<\/tr>\n<tr class=\"odd:bg-neutral-100 odd:dark:bg-gray-700\">\n<td class=\"px-2 py-1 md:w-1\/3\">USB type aansluiting<\/td>\n<td class=\"px-2 py-1\">Eigen<\/td>\n<\/tr>\n<tr class=\"odd:bg-neutral-100 odd:dark:bg-gray-700\">\n<td class=\"px-2 py-1 md:w-1\/3\">USB Host compatibiliteit<\/td>\n<td class=\"px-2 py-1\">Nee<\/td>\n<\/tr>\n<tr class=\"odd:bg-neutral-100 odd:dark:bg-gray-700\">\n<td class=\"px-2 py-1 md:w-1\/3\">Afstekker<\/td>\n<td class=\"px-2 py-1\">Nee<\/td>\n<\/tr>\n<\/tbody>\n<thead>\n<tr>\n<th class=\"pt-5 pb-2 text-left text-lg font-light uppercase tracking-widest\" colspan=\"2\">AUTONOMY &#038; LOAD<\/th>\n<\/tr>\n<\/thead>\n<tbody>\n<tr class=\"odd:bg-neutral-100 odd:dark:bg-gray-700\">\n<td class=\"px-2 py-1 md:w-1\/3\">Autonomie op afroep<\/td>\n<td class=\"px-2 py-1\">17 h 4 min<\/td>\n<\/tr>\n<tr class=\"odd:bg-neutral-100 odd:dark:bg-gray-700\">\n<td class=\"px-2 py-1 md:w-1\/3\">Versatiele autonomie<\/td>\n<td class=\"px-2 py-1\">11 uur 11 min<\/td>\n<\/tr>\n<tr class=\"odd:bg-neutral-100 odd:dark:bg-gray-700\">\n<td class=\"px-2 py-1 md:w-1\/3\">Video afspelen autonomie<\/td>\n<td class=\"px-2 py-1\">13 h 2 min<\/td>\n<\/tr>\n<tr class=\"odd:bg-neutral-100 odd:dark:bg-gray-700\">\n<td class=\"px-2 py-1 md:w-1\/3\">Oplaadtijd<\/td>\n<td class=\"px-2 py-1\">3 uur 17 min<\/td>\n<\/tr>\n<\/tbody>\n<thead>\n<tr>\n<th class=\"pt-5 pb-2 text-left text-lg font-light uppercase tracking-widest\" colspan=\"2\">DISPLAY<\/th>\n<\/tr>\n<\/thead>\n<tbody>\n<tr class=\"odd:bg-neutral-100 odd:dark:bg-gray-700\">\n<td class=\"px-2 py-1 md:w-1\/3\">Grootte (diagonaal)<\/td>\n<td class=\"px-2 py-1\">6.5&#8243;<\/td>\n<\/tr>\n<tr class=\"odd:bg-neutral-100 odd:dark:bg-gray-700\">\n<td class=\"px-2 py-1 md:w-1\/3\">Notch-technologie<\/td>\n<td class=\"px-2 py-1\">OLED<\/td>\n<\/tr>\n<tr class=\"odd:bg-neutral-100 odd:dark:bg-gray-700\">\n<td class=\"px-2 py-1 md:w-1\/3\">Notch afwerking<\/td>\n<td class=\"px-2 py-1\">2688 x 1242<\/td>\n<\/tr>\n<tr class=\"odd:bg-neutral-100 odd:dark:bg-gray-700\">\n<td class=\"px-2 py-1 md:w-1\/3\">Notch oplossing<\/td>\n<td class=\"px-2 py-1\">456 dpi<\/td>\n<\/tr>\n<\/tbody>\n<thead>\n<tr>\n<th class=\"pt-5 pb-2 text-left text-lg font-light uppercase tracking-widest\" colspan=\"2\">COMMUNICATIE<\/th>\n<\/tr>\n<\/thead>\n<tbody>\n<tr class=\"odd:bg-neutral-100 odd:dark:bg-gray-700\">\n<td class=\"px-2 py-1 md:w-1\/3\">GSM-banden<\/td>\n<td class=\"px-2 py-1\">850 MHz, 900 MHz, 1800 MHz, 1900 MHz<\/td>\n<\/tr>\n<tr class=\"odd:bg-neutral-100 odd:dark:bg-gray-700\">\n<td class=\"px-2 py-1 md:w-1\/3\">Maximale bitsnelheid bij 3G-ontvangst<\/td>\n<td class=\"px-2 py-1\">42 Mbit\/s<\/td>\n<\/tr>\n<tr class=\"odd:bg-neutral-100 odd:dark:bg-gray-700\">\n<td class=\"px-2 py-1 md:w-1\/3\">4G netwerk compatibel (LTE)<\/td>\n<td class=\"px-2 py-1\">Ja<\/td>\n<\/tr>\n<\/tbody>\n<thead>\n<tr>\n<th class=\"pt-5 pb-2 text-left text-lg font-light uppercase tracking-widest\" colspan=\"2\">MULTIM\u00c9DIA<\/th>\n<\/tr>\n<\/thead>\n<tbody>\n<tr class=\"odd:bg-neutral-100 odd:dark:bg-gray-700\">\n<td class=\"px-2 py-1 md:w-1\/3\">Hoofdfotosensor<\/td>\n<td class=\"px-2 py-1\">12 Mpx<\/td>\n<\/tr>\n<tr class=\"odd:bg-neutral-100 odd:dark:bg-gray-700\">\n<td class=\"px-2 py-1 md:w-1\/3\">Twee\u00e8me fotosensor<\/td>\n<td class=\"px-2 py-1\">12 Mpx<\/td>\n<\/tr>\n<tr class=\"odd:bg-neutral-100 odd:dark:bg-gray-700\">\n<td class=\"px-2 py-1 md:w-1\/3\">Video-opname be\u00ebindigen (hoofd)<\/td>\n<td class=\"px-2 py-1\">2160 x 3840<\/td>\n<\/tr>\n<tr class=\"odd:bg-neutral-100 odd:dark:bg-gray-700\">\n<td class=\"px-2 py-1 md:w-1\/3\">Video-opname afwerking (fa\u00e7ade)<\/td>\n<td class=\"px-2 py-1\">1920 x 1080<\/td>\n<\/tr>\n<tr class=\"odd:bg-neutral-100 odd:dark:bg-gray-700\">\n<td class=\"px-2 py-1 md:w-1\/3\">Frontfotosensor 1<\/td>\n<td class=\"px-2 py-1\">7MP<\/td>\n<\/tr>\n<tr class=\"odd:bg-neutral-100 odd:dark:bg-gray-700\">\n<td class=\"px-2 py-1 md:w-1\/3\">FM radio<\/td>\n<td class=\"px-2 py-1\">Nee<\/td>\n<\/tr>\n<\/tbody>\n<thead>\n<tr>\n<th class=\"pt-5 pb-2 text-left text-lg font-light uppercase tracking-widest\" colspan=\"2\">Afmetingen<\/th>\n<\/tr>\n<\/thead>\n<tbody>\n<tr class=\"odd:bg-neutral-100 odd:dark:bg-gray-700\">\n<td class=\"px-2 py-1 md:w-1\/3\">Breedte<\/td>\n<td class=\"px-2 py-1\">7.74 cm<\/td>\n<\/tr>\n<tr class=\"odd:bg-neutral-100 odd:dark:bg-gray-700\">\n<td class=\"px-2 py-1 md:w-1\/3\">Hoogte<\/td>\n<td class=\"px-2 py-1\">15.75 cm<\/td>\n<\/tr>\n<tr class=\"odd:bg-neutral-100 odd:dark:bg-gray-700\">\n<td class=\"px-2 py-1 md:w-1\/3\">Dikte<\/td>\n<td class=\"px-2 py-1\">0.77 cm<\/td>\n<\/tr>\n<tr class=\"odd:bg-neutral-100 odd:dark:bg-gray-700\">\n<td class=\"px-2 py-1 md:w-1\/3\">Gewicht<\/td>\n<td class=\"px-2 py-1\">208 g<\/td>\n<\/tr>\n<\/tbody>\n<thead>\n<tr>\n<th class=\"pt-5 pb-2 text-left text-lg font-light uppercase tracking-widest\" colspan=\"2\">POWER<\/th>\n<\/tr>\n<\/thead>\n<tbody>\n<tr class=\"odd:bg-neutral-100 odd:dark:bg-gray-700\">\n<td class=\"px-2 py-1 md:w-1\/3\">Verwisselbare batterij<\/td>\n<td class=\"px-2 py-1\">Nee<\/td>\n<\/tr>\n<tr class=\"odd:bg-neutral-100 odd:dark:bg-gray-700\">\n<td class=\"px-2 py-1 md:w-1\/3\">Batterijcapaciteit<\/td>\n<td class=\"px-2 py-1\">3174 mAh<\/td>\n<\/tr>\n<tr class=\"odd:bg-neutral-100 odd:dark:bg-gray-700\">\n<td class=\"px-2 py-1 md:w-1\/3\">Draadloos opladen<\/td>\n<td class=\"px-2 py-1\">Ja<\/td>\n<\/tr>\n<\/tbody>\n<\/table>\n","protected":false},"excerpt":{"rendered":"<p><br data-mce-bogus=\"1\"><\/p>\n","protected":false},"featured_media":7279,"comment_status":"open","ping_status":"closed","template":"","meta":[],"product_cat":[2801],"product_tag":[],"class_list":{"0":"post-13124","1":"product","2":"type-product","3":"status-publish","4":"has-post-thumbnail","6":"product_cat-iphone-xs-max-nl","7":"pa_couleur-goud","8":"pa_etat-uitstekende-staat","9":"pa_marques-apple-nl","10":"pa_modele-iphone-xs-max-nl","11":"pa_stockage-128gb-nl","13":"first","14":"outofstock","15":"taxable","16":"shipping-taxable","17":"purchasable","18":"product-type-simple"},"_links":{"self":[{"href":"https:\/\/mhphone.be\/nl\/wp-json\/wp\/v2\/product\/13124"}],"collection":[{"href":"https:\/\/mhphone.be\/nl\/wp-json\/wp\/v2\/product"}],"about":[{"href":"https:\/\/mhphone.be\/nl\/wp-json\/wp\/v2\/types\/product"}],"replies":[{"embeddable":true,"href":"https:\/\/mhphone.be\/nl\/wp-json\/wp\/v2\/comments?post=13124"}],"version-history":[{"count":0,"href":"https:\/\/mhphone.be\/nl\/wp-json\/wp\/v2\/product\/13124\/revisions"}],"wp:featuredmedia":[{"embeddable":true,"href":"https:\/\/mhphone.be\/nl\/wp-json\/wp\/v2\/media\/7279"}],"wp:attachment":[{"href":"https:\/\/mhphone.be\/nl\/wp-json\/wp\/v2\/media?parent=13124"}],"wp:term":[{"taxonomy":"product_cat","embeddable":true,"href":"https:\/\/mhphone.be\/nl\/wp-json\/wp\/v2\/product_cat?post=13124"},{"taxonomy":"product_tag","embeddable":true,"href":"https:\/\/mhphone.be\/nl\/wp-json\/wp\/v2\/product_tag?post=13124"}],"curies":[{"name":"wp","href":"https:\/\/api.w.org\/{rel}","templated":true}]}}