{"id":15329,"date":"2025-11-12T05:56:37","date_gmt":"2025-11-12T04:56:37","guid":{"rendered":"https:\/\/mhphone.be\/?post_type=product&#038;p=15329"},"modified":"2025-11-13T19:05:38","modified_gmt":"2025-11-13T18:05:38","slug":"reparation-samsung-galaxy-z-flip-4","status":"publish","type":"product","link":"https:\/\/mhphone.be\/nl\/winkel\/type-appareil\/reparation-smartphone\/reparation-iphone\/reparation-samsung-galaxy-z-flip-4\/","title":{"rendered":"R\u00e9paration Samsung Galaxy Z Flip 4"},"content":{"rendered":"","protected":false},"excerpt":{"rendered":"<p>Bienvenue chez<strong> MH Phone<\/strong>, votre sp\u00e9cialiste de confiance pour la r\u00e9paration d&#8217;<b> <strong>Samsung Galaxy Z Flip 4<\/strong><\/b>. Nos techniciens hautement qualifi\u00e9s sont pr\u00eats \u00e0 r\u00e9soudre tous les probl\u00e8mes rencontr\u00e9s avec votre appareil. Voici un aper\u00e7u des services que nous proposons :<\/p>\n<p>&#8211; Remplacement d&#8217;\u00e9cran fissur\u00e9 ou bris\u00e9.<br \/>\n&#8211; Changement de batterie d\u00e9fectueuse.<br \/>\n&#8211; R\u00e9paration des probl\u00e8mes de charge et du connecteur de charge.<br \/>\n&#8211; R\u00e9paration des appareils photo avant et arri\u00e8re.<br \/>\n&#8211; R\u00e9paration de la face arri\u00e8re.<br \/>\n&#8211; R\u00e9paration du bouton d&#8217;alimentation et des boutons de volume.<br \/>\n&#8211; Traitement des dommages li\u00e9s aux liquides (D\u00e9soxydation).<br \/>\n&#8211; R\u00e9paration des <b><strong>Samsung Galaxy Z Flip 4<\/strong><\/b><strong>\u00a0<\/strong>qui ne s&#8217;allument plus.<br \/>\n&#8211; R\u00e9paration de probl\u00e8mes li\u00e9s \u00e0 la carte m\u00e8re (Micro Soudure).<br \/>\n&#8211; R\u00e9cup\u00e9ration de donn\u00e9es&#8230; et bien plus encore.<\/p>\n<p>Notre \u00e9quipe est sp\u00e9cialement form\u00e9e pour intervenir sur les cas les plus complexes n\u00e9cessitant un travail de Micro Soudure. Nous offrons \u00e0 nos clients un diagnostic complet et gratuit.<\/p>\n<p>Chez <strong>MH Phone<\/strong>, nous comprenons l&#8217;importance de votre <b><strong>Samsung Galaxy Z Flip 4<\/strong><\/b>, c&#8217;est pourquoi toutes nos r\u00e9parations sont accompagn\u00e9es d&#8217;une garantie d&#8217;un an. Vous pouvez nous rendre visite sur place, avec ou sans rendez-vous, et nous nous engageons \u00e0 r\u00e9parer votre <b><strong>Samsung Galaxy Z Flip 4<\/strong><\/b><strong>, <\/strong> dans les meilleurs d\u00e9lais, tout en vous assurant un service de qualit\u00e9 et une satisfaction totale. Confiez-nous votre pr\u00e9cieux <b><strong>Samsung Galaxy Z Flip 4<\/strong><\/b>, et nous ferons en sorte qu&#8217;il fonctionne parfaitement \u00e0 nouveau.<\/p>\n","protected":false},"featured_media":15409,"comment_status":"open","ping_status":"closed","template":"","meta":[],"product_cat":[3048,2310],"product_tag":[],"class_list":{"0":"post-15329","1":"product","2":"type-product","3":"status-publish","4":"has-post-thumbnail","6":"product_cat-galaxy-z-nl","7":"product_cat-smartphone-reparatie","9":"first","10":"instock","11":"taxable","12":"shipping-taxable","13":"product-type-simple"},"_links":{"self":[{"href":"https:\/\/mhphone.be\/nl\/wp-json\/wp\/v2\/product\/15329"}],"collection":[{"href":"https:\/\/mhphone.be\/nl\/wp-json\/wp\/v2\/product"}],"about":[{"href":"https:\/\/mhphone.be\/nl\/wp-json\/wp\/v2\/types\/product"}],"replies":[{"embeddable":true,"href":"https:\/\/mhphone.be\/nl\/wp-json\/wp\/v2\/comments?post=15329"}],"version-history":[{"count":3,"href":"https:\/\/mhphone.be\/nl\/wp-json\/wp\/v2\/product\/15329\/revisions"}],"predecessor-version":[{"id":15381,"href":"https:\/\/mhphone.be\/nl\/wp-json\/wp\/v2\/product\/15329\/revisions\/15381"}],"wp:featuredmedia":[{"embeddable":true,"href":"https:\/\/mhphone.be\/nl\/wp-json\/wp\/v2\/media\/15409"}],"wp:attachment":[{"href":"https:\/\/mhphone.be\/nl\/wp-json\/wp\/v2\/media?parent=15329"}],"wp:term":[{"taxonomy":"product_cat","embeddable":true,"href":"https:\/\/mhphone.be\/nl\/wp-json\/wp\/v2\/product_cat?post=15329"},{"taxonomy":"product_tag","embeddable":true,"href":"https:\/\/mhphone.be\/nl\/wp-json\/wp\/v2\/product_tag?post=15329"}],"curies":[{"name":"wp","href":"https:\/\/api.w.org\/{rel}","templated":true}]}}